{"id":510,"date":"2016-10-20T21:50:02","date_gmt":"2016-10-20T21:50:02","guid":{"rendered":"http:\/\/inpotus.com\/en\/?page_id=510"},"modified":"2016-11-11T16:11:35","modified_gmt":"2016-11-11T13:11:35","slug":"optimizasyon","status":"publish","type":"page","link":"https:\/\/inpotus.com\/tr\/proses\/optimizasyon\/","title":{"rendered":"Optimizasyon"},"content":{"rendered":"<h4 style=\"text-align: center;\">S\u00fcrekli iyile\u015ftirme sadece bir teori de\u011fil. Edinilen tecr\u00fcbeleri g\u00f6zden ge\u00e7iriyor, eylemleri optimuma getiriyor ve firman\u0131z\u0131 bir sonraki seviyeye ta\u015f\u0131yoruz.<\/h4>\n<p>G\u00fcnl\u00fck i\u015flerin optimizasyonu<\/p>\n<p><img loading=\"lazy\" decoding=\"async\" class=\"wp-image-511 alignleft\" src=\"http:\/\/inpotus.com\/wp-content\/uploads\/2016\/10\/Optimise-tr.png\" alt=\"optimise-tr\" width=\"136\" height=\"123\" \/>Eylemleri izlemek<\/p>\n<p>G\u00fcnl\u00fck i\u015fleyi\u015fte yeni norm haline geldiklerinden emin olmak<\/p>\n<p>\u0130htiyaca g\u00f6re\u00a0ince ayar yapmak<\/p>\n<p>Geribildirimler\u00a0do\u011frultusunda\u00a0bir sonraki ad\u0131mlar\u0131 haz\u0131rlamak<\/p>\n<p>&nbsp;<\/p>\n<p>&nbsp;<\/p>\n<p>&nbsp;<\/p>\n<p><img loading=\"lazy\" decoding=\"async\" class=\"wp-image-512 alignleft\" src=\"http:\/\/inpotus.com\/wp-content\/uploads\/2016\/10\/Optimize-Details-tr-300x177.png\" alt=\"optimize-details-tr\" width=\"327\" height=\"193\" srcset=\"https:\/\/inpotus.com\/wp-content\/uploads\/2016\/10\/Optimize-Details-tr-300x177.png 300w, https:\/\/inpotus.com\/wp-content\/uploads\/2016\/10\/Optimize-Details-tr-768x454.png 768w, https:\/\/inpotus.com\/wp-content\/uploads\/2016\/10\/Optimize-Details-tr.png 1024w\" sizes=\"auto, (max-width: 327px) 100vw, 327px\" \/>T\u00fcm \u00f6ncelikleri \u015firketin ama\u00e7lar\u0131na\u00a0uygun hale getiriyoruz<\/p>\n<p>Fonksyon hedeflerinde tutarl\u0131l\u0131k sa\u011fl\u0131yoruz<\/p>\n","protected":false},"excerpt":{"rendered":"<p>S\u00fcrekli iyile\u015ftirme sadece bir teori de\u011fil. Edinilen tecr\u00fcbeleri g\u00f6zden ge\u00e7iriyor, eylemleri optimuma getiriyor ve firman\u0131z\u0131 bir sonraki seviyeye ta\u015f\u0131yoruz. G\u00fcnl\u00fck i\u015flerin optimizasyonu Eylemleri izlemek G\u00fcnl\u00fck i\u015fleyi\u015fte yeni norm haline geldiklerinden emin olmak \u0130htiyaca g\u00f6re\u00a0ince ayar yapmak Geribildirimler\u00a0do\u011frultusunda\u00a0bir sonraki ad\u0131mlar\u0131 haz\u0131rlamak &hellip; <a href=\"https:\/\/inpotus.com\/tr\/proses\/optimizasyon\/\">Daha Fazlas\u0131n\u0131 Oku<\/a><\/p>\n","protected":false},"author":1,"featured_media":0,"parent":454,"menu_order":0,"comment_status":"closed","ping_status":"closed","template":"template-feature.php","meta":{"footnotes":""},"class_list":["post-510","page","type-page","status-publish","hentry"],"_links":{"self":[{"href":"https:\/\/inpotus.com\/tr\/wp-json\/wp\/v2\/pages\/510","targetHints":{"allow":["GET"]}}],"collection":[{"href":"https:\/\/inpotus.com\/tr\/wp-json\/wp\/v2\/pages"}],"about":[{"href":"https:\/\/inpotus.com\/tr\/wp-json\/wp\/v2\/types\/page"}],"author":[{"embeddable":true,"href":"https:\/\/inpotus.com\/tr\/wp-json\/wp\/v2\/users\/1"}],"replies":[{"embeddable":true,"href":"https:\/\/inpotus.com\/tr\/wp-json\/wp\/v2\/comments?post=510"}],"version-history":[{"count":4,"href":"https:\/\/inpotus.com\/tr\/wp-json\/wp\/v2\/pages\/510\/revisions"}],"predecessor-version":[{"id":557,"href":"https:\/\/inpotus.com\/tr\/wp-json\/wp\/v2\/pages\/510\/revisions\/557"}],"up":[{"embeddable":true,"href":"https:\/\/inpotus.com\/tr\/wp-json\/wp\/v2\/pages\/454"}],"wp:attachment":[{"href":"https:\/\/inpotus.com\/tr\/wp-json\/wp\/v2\/media?parent=510"}],"curies":[{"name":"wp","href":"https:\/\/api.w.org\/{rel}","templated":true}]}}