{"id":502,"date":"2016-10-20T18:23:18","date_gmt":"2016-10-20T18:23:18","guid":{"rendered":"http:\/\/inpotus.com\/en\/?page_id=502"},"modified":"2016-10-21T10:34:49","modified_gmt":"2016-10-21T10:34:49","slug":"uygulama","status":"publish","type":"page","link":"https:\/\/inpotus.com\/tr\/proses\/uygulama\/","title":{"rendered":"Uygulama"},"content":{"rendered":"<h4 style=\"text-align: center;\">\u015eirket DNA&#8217;n\u0131z\u00a0uygulama lar\u0131 nas\u0131l yapt\u0131\u011f\u0131n\u0131z\u0131 belirler. Ancak DNA&#8217;n\u0131z\u0131 de\u011fi\u015ftirmek isterseniz size yard\u0131mc\u0131 olaca\u011f\u0131z.<\/h4>\n<p>Kararla\u015ft\u0131r\u0131lm\u0131\u015f eylemleri uygulama<\/p>\n<p><img loading=\"lazy\" decoding=\"async\" class=\"wp-image-504 alignleft\" src=\"http:\/\/inpotus.com\/wp-content\/uploads\/2016\/10\/Execute-tr.png\" alt=\"execute-tr\" width=\"121\" height=\"118\" srcset=\"https:\/\/inpotus.com\/wp-content\/uploads\/2016\/10\/Execute-tr.png 219w, https:\/\/inpotus.com\/wp-content\/uploads\/2016\/10\/Execute-tr-60x60.png 60w\" sizes=\"auto, (max-width: 121px) 100vw, 121px\" \/><\/p>\n<p>Ad\u0131m-ad\u0131m yakla\u015f\u0131m\u0131<\/p>\n<p>Zaman plan\u0131<\/p>\n<p>De\u011fi\u015fim y\u00f6netimi<\/p>\n<p>Y\u00f6netimin kararl\u0131l\u0131\u011f\u0131n\u0131 gerektirir<\/p>\n<p>&nbsp;<\/p>\n<p style=\"text-align: center;\"><img loading=\"lazy\" decoding=\"async\" class=\"wp-image-240 aligncenter\" src=\"http:\/\/inpotus.com\/wp-content\/uploads\/2016\/06\/Step-by-Step-225x300.png\" alt=\"Step by Step\" width=\"201\" height=\"268\" srcset=\"https:\/\/inpotus.com\/wp-content\/uploads\/2016\/06\/Step-by-Step-225x300.png 225w, https:\/\/inpotus.com\/wp-content\/uploads\/2016\/06\/Step-by-Step.png 480w\" sizes=\"auto, (max-width: 201px) 100vw, 201px\" \/><\/p>\n<p style=\"text-align: center;\">Her ad\u0131m, elle tutulur somut sonu\u00e7lara ula\u015f\u0131r<\/p>\n","protected":false},"excerpt":{"rendered":"<p>\u015eirket DNA&#8217;n\u0131z\u00a0uygulama lar\u0131 nas\u0131l yapt\u0131\u011f\u0131n\u0131z\u0131 belirler. Ancak DNA&#8217;n\u0131z\u0131 de\u011fi\u015ftirmek isterseniz size yard\u0131mc\u0131 olaca\u011f\u0131z. Kararla\u015ft\u0131r\u0131lm\u0131\u015f eylemleri uygulama Ad\u0131m-ad\u0131m yakla\u015f\u0131m\u0131 Zaman plan\u0131 De\u011fi\u015fim y\u00f6netimi Y\u00f6netimin kararl\u0131l\u0131\u011f\u0131n\u0131 gerektirir &nbsp; Her ad\u0131m, elle tutulur somut sonu\u00e7lara ula\u015f\u0131r<\/p>\n","protected":false},"author":1,"featured_media":0,"parent":454,"menu_order":0,"comment_status":"closed","ping_status":"closed","template":"template-feature.php","meta":{"footnotes":""},"class_list":["post-502","page","type-page","status-publish","hentry"],"_links":{"self":[{"href":"https:\/\/inpotus.com\/tr\/wp-json\/wp\/v2\/pages\/502","targetHints":{"allow":["GET"]}}],"collection":[{"href":"https:\/\/inpotus.com\/tr\/wp-json\/wp\/v2\/pages"}],"about":[{"href":"https:\/\/inpotus.com\/tr\/wp-json\/wp\/v2\/types\/page"}],"author":[{"embeddable":true,"href":"https:\/\/inpotus.com\/tr\/wp-json\/wp\/v2\/users\/1"}],"replies":[{"embeddable":true,"href":"https:\/\/inpotus.com\/tr\/wp-json\/wp\/v2\/comments?post=502"}],"version-history":[{"count":8,"href":"https:\/\/inpotus.com\/tr\/wp-json\/wp\/v2\/pages\/502\/revisions"}],"predecessor-version":[{"id":556,"href":"https:\/\/inpotus.com\/tr\/wp-json\/wp\/v2\/pages\/502\/revisions\/556"}],"up":[{"embeddable":true,"href":"https:\/\/inpotus.com\/tr\/wp-json\/wp\/v2\/pages\/454"}],"wp:attachment":[{"href":"https:\/\/inpotus.com\/tr\/wp-json\/wp\/v2\/media?parent=502"}],"curies":[{"name":"wp","href":"https:\/\/api.w.org\/{rel}","templated":true}]}}