{"id":492,"date":"2016-10-19T15:11:50","date_gmt":"2016-10-19T15:11:50","guid":{"rendered":"http:\/\/inpotus.com\/en\/?page_id=492"},"modified":"2016-10-21T10:28:54","modified_gmt":"2016-10-21T10:28:54","slug":"tasarim","status":"publish","type":"page","link":"https:\/\/inpotus.com\/tr\/proses\/tasarim\/","title":{"rendered":"Tasar\u0131m"},"content":{"rendered":"<h4 style=\"text-align: center;\">Gelece\u011finiz bizim de gelece\u011fimiz. Ba\u015far\u0131n\u0131z i\u00e7in var\u0131z.<\/h4>\n<h5 style=\"text-align: center;\"><em>Beraber planlayal\u0131m, tasarlayal\u0131m ve gelece\u011fe\u00a0yat\u0131r\u0131m yapal\u0131m<\/em><\/h5>\n<p>Tasar\u0131m \u00f6n \u00e7al\u0131\u015fmas\u0131:<\/p>\n<p><img loading=\"lazy\" decoding=\"async\" class=\"wp-image-488 alignleft\" src=\"http:\/\/inpotus.com\/wp-content\/uploads\/2016\/10\/Solution-Design-tr.png\" alt=\"solution-design-tr\" width=\"120\" height=\"120\" srcset=\"https:\/\/inpotus.com\/wp-content\/uploads\/2016\/10\/Solution-Design-tr.png 224w, https:\/\/inpotus.com\/wp-content\/uploads\/2016\/10\/Solution-Design-tr-150x150.png 150w, https:\/\/inpotus.com\/wp-content\/uploads\/2016\/10\/Solution-Design-tr-60x60.png 60w\" sizes=\"auto, (max-width: 120px) 100vw, 120px\" \/>Parametrelerin analizleri<\/p>\n<p>Analizlere ba\u011fl\u0131 g\u00f6re sonu\u00e7lar\u0131 incelemek<\/p>\n<p>\u00c7\u00f6z\u00fcmleri form\u00fcle etmek<\/p>\n<p>&nbsp;<\/p>\n<p><img loading=\"lazy\" decoding=\"async\" class=\"size-medium wp-image-489 alignleft\" src=\"http:\/\/inpotus.com\/wp-content\/uploads\/2016\/10\/Solution-Design-Details-tr-300x254.png\" alt=\"solution-design-details-tr\" width=\"300\" height=\"254\" srcset=\"https:\/\/inpotus.com\/wp-content\/uploads\/2016\/10\/Solution-Design-Details-tr-300x254.png 300w, https:\/\/inpotus.com\/wp-content\/uploads\/2016\/10\/Solution-Design-Details-tr-768x651.png 768w, https:\/\/inpotus.com\/wp-content\/uploads\/2016\/10\/Solution-Design-Details-tr.png 816w\" sizes=\"auto, (max-width: 300px) 100vw, 300px\" \/><\/p>\n<p>&nbsp;<\/p>\n<p>Her zaman \u015fu oran\u0131 akl\u0131m\u0131zda tutar\u0131z: 2 kulak \/ 1 a\u011f\u0131z.<\/p>\n<p>Sonuca vard\u0131\u011f\u0131m\u0131z\u0131 iddia etmeden \u00f6nce sizi ve organizasyonunuzu dinleyip geribildirim al\u0131yoruz; bundan sonra analiz s\u00fcreci ba\u015flar. Bir kez kara verildi mi, h\u0131zla eyleme ge\u00e7eriz.<\/p>\n","protected":false},"excerpt":{"rendered":"<p>Gelece\u011finiz bizim de gelece\u011fimiz. Ba\u015far\u0131n\u0131z i\u00e7in var\u0131z. Beraber planlayal\u0131m, tasarlayal\u0131m ve gelece\u011fe\u00a0yat\u0131r\u0131m yapal\u0131m Tasar\u0131m \u00f6n \u00e7al\u0131\u015fmas\u0131: Parametrelerin analizleri Analizlere ba\u011fl\u0131 g\u00f6re sonu\u00e7lar\u0131 incelemek \u00c7\u00f6z\u00fcmleri form\u00fcle etmek &nbsp; &nbsp; Her zaman \u015fu oran\u0131 akl\u0131m\u0131zda tutar\u0131z: 2 kulak \/ 1 a\u011f\u0131z. Sonuca &hellip; <a href=\"https:\/\/inpotus.com\/tr\/proses\/tasarim\/\">Daha Fazlas\u0131n\u0131 Oku<\/a><\/p>\n","protected":false},"author":1,"featured_media":0,"parent":454,"menu_order":0,"comment_status":"closed","ping_status":"closed","template":"template-feature.php","meta":{"footnotes":""},"class_list":["post-492","page","type-page","status-publish","hentry"],"_links":{"self":[{"href":"https:\/\/inpotus.com\/tr\/wp-json\/wp\/v2\/pages\/492","targetHints":{"allow":["GET"]}}],"collection":[{"href":"https:\/\/inpotus.com\/tr\/wp-json\/wp\/v2\/pages"}],"about":[{"href":"https:\/\/inpotus.com\/tr\/wp-json\/wp\/v2\/types\/page"}],"author":[{"embeddable":true,"href":"https:\/\/inpotus.com\/tr\/wp-json\/wp\/v2\/users\/1"}],"replies":[{"embeddable":true,"href":"https:\/\/inpotus.com\/tr\/wp-json\/wp\/v2\/comments?post=492"}],"version-history":[{"count":6,"href":"https:\/\/inpotus.com\/tr\/wp-json\/wp\/v2\/pages\/492\/revisions"}],"predecessor-version":[{"id":552,"href":"https:\/\/inpotus.com\/tr\/wp-json\/wp\/v2\/pages\/492\/revisions\/552"}],"up":[{"embeddable":true,"href":"https:\/\/inpotus.com\/tr\/wp-json\/wp\/v2\/pages\/454"}],"wp:attachment":[{"href":"https:\/\/inpotus.com\/tr\/wp-json\/wp\/v2\/media?parent=492"}],"curies":[{"name":"wp","href":"https:\/\/api.w.org\/{rel}","templated":true}]}}