{"id":473,"date":"2016-10-19T11:03:51","date_gmt":"2016-10-19T11:03:51","guid":{"rendered":"http:\/\/inpotus.com\/en\/?page_id=473"},"modified":"2016-10-21T10:32:40","modified_gmt":"2016-10-21T10:32:40","slug":"teshis","status":"publish","type":"page","link":"https:\/\/inpotus.com\/tr\/proses\/teshis\/","title":{"rendered":"Te\u015fhis"},"content":{"rendered":"<h4 style=\"text-align: center;\">\u0130\u015finize etkisi olan fakt\u00f6rleri analiz edip masaya yat\u0131rmak ve problemleri te\u015fhis etmek<\/h4>\n<p>Te\u015fhis: <a href=\"http:\/\/inpotus.com\/proses\/\">Prosesimizin<\/a> ilk ad\u0131m\u0131<\/p>\n<p><img loading=\"lazy\" decoding=\"async\" class=\" wp-image-474 alignleft\" src=\"http:\/\/inpotus.com\/wp-content\/uploads\/2016\/10\/Diagnose-icon-tr.png\" alt=\"diagnose-icon-tr\" width=\"130\" height=\"116\" \/>Veri toplama s\u00fcreci<\/p>\n<p>Gerekli t\u00fcm parametrelerin de\u011ferlendirilmesi<\/p>\n<p>Organizasyonun yetkinlikleri konusunda\u00a0fark\u0131ndal\u0131k<\/p>\n<p>\u0130\u00e7 ve d\u0131\u015f fakt\u00fcrlerin belirlenmesi<\/p>\n<p>&nbsp;<\/p>\n<p style=\"text-align: center;\"><img loading=\"lazy\" decoding=\"async\" class=\"wp-image-475 aligncenter\" src=\"http:\/\/inpotus.com\/wp-content\/uploads\/2016\/10\/Diagnose-Details-tr-300x197.png\" alt=\"diagnose-details-tr\" width=\"381\" height=\"250\" srcset=\"https:\/\/inpotus.com\/wp-content\/uploads\/2016\/10\/Diagnose-Details-tr-300x197.png 300w, https:\/\/inpotus.com\/wp-content\/uploads\/2016\/10\/Diagnose-Details-tr-768x505.png 768w, https:\/\/inpotus.com\/wp-content\/uploads\/2016\/10\/Diagnose-Details-tr.png 1015w\" sizes=\"auto, (max-width: 381px) 100vw, 381px\" \/><\/p>\n<p>&nbsp;<\/p>\n","protected":false},"excerpt":{"rendered":"<p>\u0130\u015finize etkisi olan fakt\u00f6rleri analiz edip masaya yat\u0131rmak ve problemleri te\u015fhis etmek Te\u015fhis: Prosesimizin ilk ad\u0131m\u0131 Veri toplama s\u00fcreci Gerekli t\u00fcm parametrelerin de\u011ferlendirilmesi Organizasyonun yetkinlikleri konusunda\u00a0fark\u0131ndal\u0131k \u0130\u00e7 ve d\u0131\u015f fakt\u00fcrlerin belirlenmesi &nbsp; &nbsp;<\/p>\n","protected":false},"author":1,"featured_media":0,"parent":454,"menu_order":0,"comment_status":"closed","ping_status":"closed","template":"template-feature.php","meta":{"footnotes":""},"class_list":["post-473","page","type-page","status-publish","hentry"],"_links":{"self":[{"href":"https:\/\/inpotus.com\/tr\/wp-json\/wp\/v2\/pages\/473","targetHints":{"allow":["GET"]}}],"collection":[{"href":"https:\/\/inpotus.com\/tr\/wp-json\/wp\/v2\/pages"}],"about":[{"href":"https:\/\/inpotus.com\/tr\/wp-json\/wp\/v2\/types\/page"}],"author":[{"embeddable":true,"href":"https:\/\/inpotus.com\/tr\/wp-json\/wp\/v2\/users\/1"}],"replies":[{"embeddable":true,"href":"https:\/\/inpotus.com\/tr\/wp-json\/wp\/v2\/comments?post=473"}],"version-history":[{"count":2,"href":"https:\/\/inpotus.com\/tr\/wp-json\/wp\/v2\/pages\/473\/revisions"}],"predecessor-version":[{"id":548,"href":"https:\/\/inpotus.com\/tr\/wp-json\/wp\/v2\/pages\/473\/revisions\/548"}],"up":[{"embeddable":true,"href":"https:\/\/inpotus.com\/tr\/wp-json\/wp\/v2\/pages\/454"}],"wp:attachment":[{"href":"https:\/\/inpotus.com\/tr\/wp-json\/wp\/v2\/media?parent=473"}],"curies":[{"name":"wp","href":"https:\/\/api.w.org\/{rel}","templated":true}]}}