{"id":454,"date":"2016-10-19T10:24:55","date_gmt":"2016-10-19T10:24:55","guid":{"rendered":"http:\/\/inpotus.com\/en\/?page_id=454"},"modified":"2016-11-16T18:25:27","modified_gmt":"2016-11-16T15:25:27","slug":"proses","status":"publish","type":"page","link":"https:\/\/inpotus.com\/tr\/proses\/","title":{"rendered":"Proses"},"content":{"rendered":"<h4 style=\"text-align: center;\">Mevcut i\u015f proses lerinizi tan\u0131mlamakla ba\u015flay\u0131p s\u00fcrekli geli\u015fim yakla\u015f\u0131m\u0131 ile geli\u015ftiriyoruz<\/h4>\n<p>\u0130\u015fleyi\u015fimiz<\/p>\n<p><img loading=\"lazy\" decoding=\"async\" class=\" wp-image-494 alignleft\" src=\"http:\/\/inpotus.com\/wp-content\/uploads\/2016\/10\/Inpotus-Process-tr-300x228.png\" alt=\"inpotus-process-tr\" width=\"308\" height=\"234\" srcset=\"https:\/\/inpotus.com\/wp-content\/uploads\/2016\/10\/Inpotus-Process-tr-300x228.png 300w, https:\/\/inpotus.com\/wp-content\/uploads\/2016\/10\/Inpotus-Process-tr-768x584.png 768w, https:\/\/inpotus.com\/wp-content\/uploads\/2016\/10\/Inpotus-Process-tr-1024x779.png 1024w, https:\/\/inpotus.com\/wp-content\/uploads\/2016\/10\/Inpotus-Process-tr.png 1224w\" sizes=\"auto, (max-width: 308px) 100vw, 308px\" \/>\u0130\u015f yap\u0131\u015f \u015feklinizi g\u00f6zlemliyoruz. Ekiplerinizle birle\u015fip sorunu te\u015fhis ediyoruz. Bunu takiben potansiyel \u00e7\u00f6z\u00fcmleri analiz edip yol haritas\u0131n\u0131 dizayn ediyoruz. <a href=\"http:\/\/inpotus.com\/tr\/proses\/teshis\/\">Te\u015fhis<\/a> ve <a href=\"http:\/\/inpotus.com\/proses\/tasarim\/\">tasar\u0131m<\/a> a\u015famalar\u0131 tamamland\u0131\u011f\u0131 anda sizin ve y\u00f6netim ekibinizin geribildiriminizi al\u0131yoruz. Karar verildikten sonra d\u00fc\u011fmeye bas\u0131p kollar\u0131 s\u0131v\u0131yor, firman\u0131z\u0131 gelece\u011fe ta\u015f\u0131yacak eylemlere ba\u015fl\u0131yoruz.<\/p>\n","protected":false},"excerpt":{"rendered":"<p>Mevcut i\u015f proses lerinizi tan\u0131mlamakla ba\u015flay\u0131p s\u00fcrekli geli\u015fim yakla\u015f\u0131m\u0131 ile geli\u015ftiriyoruz \u0130\u015fleyi\u015fimiz \u0130\u015f yap\u0131\u015f \u015feklinizi g\u00f6zlemliyoruz. Ekiplerinizle birle\u015fip sorunu te\u015fhis ediyoruz. Bunu takiben potansiyel \u00e7\u00f6z\u00fcmleri analiz edip yol haritas\u0131n\u0131 dizayn ediyoruz. Te\u015fhis ve tasar\u0131m a\u015famalar\u0131 tamamland\u0131\u011f\u0131 anda sizin ve y\u00f6netim &hellip; <a href=\"https:\/\/inpotus.com\/tr\/proses\/\">Daha Fazlas\u0131n\u0131 Oku<\/a><\/p>\n","protected":false},"author":1,"featured_media":0,"parent":0,"menu_order":0,"comment_status":"closed","ping_status":"closed","template":"template-feature.php","meta":{"footnotes":""},"class_list":["post-454","page","type-page","status-publish","hentry"],"_links":{"self":[{"href":"https:\/\/inpotus.com\/tr\/wp-json\/wp\/v2\/pages\/454","targetHints":{"allow":["GET"]}}],"collection":[{"href":"https:\/\/inpotus.com\/tr\/wp-json\/wp\/v2\/pages"}],"about":[{"href":"https:\/\/inpotus.com\/tr\/wp-json\/wp\/v2\/types\/page"}],"author":[{"embeddable":true,"href":"https:\/\/inpotus.com\/tr\/wp-json\/wp\/v2\/users\/1"}],"replies":[{"embeddable":true,"href":"https:\/\/inpotus.com\/tr\/wp-json\/wp\/v2\/comments?post=454"}],"version-history":[{"count":7,"href":"https:\/\/inpotus.com\/tr\/wp-json\/wp\/v2\/pages\/454\/revisions"}],"predecessor-version":[{"id":567,"href":"https:\/\/inpotus.com\/tr\/wp-json\/wp\/v2\/pages\/454\/revisions\/567"}],"wp:attachment":[{"href":"https:\/\/inpotus.com\/tr\/wp-json\/wp\/v2\/media?parent=454"}],"curies":[{"name":"wp","href":"https:\/\/api.w.org\/{rel}","templated":true}]}}