{"id":439,"date":"2016-10-14T11:35:29","date_gmt":"2016-10-14T11:35:29","guid":{"rendered":"http:\/\/inpotus.com\/en\/?page_id=439"},"modified":"2016-11-09T21:08:18","modified_gmt":"2016-11-09T18:08:18","slug":"strateji-rekabet","status":"publish","type":"page","link":"https:\/\/inpotus.com\/tr\/hizmetlerimiz\/strateji-rekabet\/","title":{"rendered":"Strateji ve Rekabet"},"content":{"rendered":"<h4>Rekabet Stratejisi ve Eylem<\/h4>\n<p>\u0130\u015f hayat\u0131nda\u00a0bir\u00e7ok g\u00f6rev ve \u00fcnvan\u0131n\u00a0askeri terimlerden etkilenmesi\u00a0bir tesad\u00fcf de\u011fil. \u0130cra Kurulu Ba\u015fkan\u0131 (CEO &#8211; Chief Executive Officer), Merkez (Headquarter), Ekipler (Troops), ve \u00d6nc\u00fc Kuvvetler (Front Lines)&#8230; Her zaman rakiplerle y\u00fczle\u015fmek ve onlar\u0131 sava\u015f alan\u0131n\u0131n d\u0131\u015f\u0131na itmekle mi u\u011fra\u015fmal\u0131y\u0131z?? Rekabet etmek\u00a0i\u00e7in kaynak belirleyip bu kaynaklar\u0131\u00a0kullanmadan\u00a0\u00f6nce iki kez d\u00fc\u015f\u00fcn\u00fcn. Pazar pay\u0131 elde etmek ve b\u00fcy\u00fcmek i\u00e7in maliyeti ve riski daha az bir yol var m\u0131? \u015eirketinizin g\u00fc\u00e7l\u00fc y\u00f6nlerini analiz edelim, ilerideki ad\u0131mlar\u0131 planlayal\u0131m ve uygulamaya koyal\u0131m. Giri\u015fimci ruhunuzu korurken almakta oldu\u011funuz riskleri dikkatle hesaplaman\u0131z gerekir.<\/p>\n<p>&nbsp;<\/p>\n<p>B\u00fcy\u00fckl\u00fc\u011f\u00fc\u00a0ne olursa olsun, her firma i\u00e7in rekabet ve varolu\u015f sava\u015f\u0131 \u00f6nemlidir. B\u00fcy\u00fck \u015firketlerin, riskleri bertaraf etmek i\u00e7in s\u0131k\u0131 bir \u015fekilde uygulad\u0131klar\u0131 karar alma\u00a0s\u00fcre\u00e7leri vard\u0131r. Bazen bu s\u00fcre\u00e7lerin a\u011f\u0131rl\u0131\u011f\u0131, h\u0131zl\u0131 karar alan daha k\u00fc\u00e7\u00fck firmalara kendileri ile rekabet edebilecek f\u0131rsatlar yarat\u0131r. Biz bu \u015firketlere, giri\u015fimcili\u011fi koruyarak yetenekleri do\u011frultusunda yard\u0131mc\u0131 oluyoruz. Bununla beraber,\u00a0b\u00fcy\u00fck \u015firketler i\u015f ortaklar\u0131n\u0131n (distrib\u00fct\u00f6r, tedarik\u00e7i, m\u00fc\u015fteri&#8230;)\u00a0da verimli \u00e7al\u0131\u015fmas\u0131n\u0131 ister. \u0130\u015f ortaklar\u0131 i\u00e7in geli\u015fim programlar\u0131 d\u00fczenlemek de yard\u0131mc\u0131 oldu\u011fumuz konular aras\u0131nda.<\/p>\n<p>&nbsp;<\/p>\n<p>KOB\u0130 (K\u00fc\u00e7\u00fck ve Orta Boy \u0130\u015fletme) lerde durum daha farkl\u0131. Organizasyon i\u00e7erisinde az say\u0131da ki\u015fi genel resme hakim olabilir. Ancak g\u00fcnl\u00fck ko\u015fturmacalar bu ki\u015filerin gelecek i\u00e7in y\u00f6n belirleyebilmelerine izin vermez. \u0130\u015f yap\u0131\u015f tarzlar\u0131n\u0131 bir \u00fcst seviyeye \u00e7\u0131karmak isteyen KOB\u0130&#8217;ler de tecr\u00fcbemizden faydalan\u0131yorlar.\u00a0&#8216;Herkese uyan tek bir \u00e7\u00f6z\u00fcm&#8217; s\u00f6z konusu de\u011fil. Biz, size \u00f6zel planlar\u0131 beraber \u00e7al\u0131\u015farak eyleme d\u00f6k\u00fcyoruz.<\/p>\n","protected":false},"excerpt":{"rendered":"<p>Rekabet Stratejisi ve Eylem \u0130\u015f hayat\u0131nda\u00a0bir\u00e7ok g\u00f6rev ve \u00fcnvan\u0131n\u00a0askeri terimlerden etkilenmesi\u00a0bir tesad\u00fcf de\u011fil. \u0130cra Kurulu Ba\u015fkan\u0131 (CEO &#8211; Chief Executive Officer), Merkez (Headquarter), Ekipler (Troops), ve \u00d6nc\u00fc Kuvvetler (Front Lines)&#8230; Her zaman rakiplerle y\u00fczle\u015fmek ve onlar\u0131 sava\u015f alan\u0131n\u0131n d\u0131\u015f\u0131na itmekle &hellip; <a href=\"https:\/\/inpotus.com\/tr\/hizmetlerimiz\/strateji-rekabet\/\">Daha Fazlas\u0131n\u0131 Oku<\/a><\/p>\n","protected":false},"author":1,"featured_media":0,"parent":374,"menu_order":0,"comment_status":"closed","ping_status":"closed","template":"template-feature.php","meta":{"footnotes":""},"class_list":["post-439","page","type-page","status-publish","hentry"],"_links":{"self":[{"href":"https:\/\/inpotus.com\/tr\/wp-json\/wp\/v2\/pages\/439","targetHints":{"allow":["GET"]}}],"collection":[{"href":"https:\/\/inpotus.com\/tr\/wp-json\/wp\/v2\/pages"}],"about":[{"href":"https:\/\/inpotus.com\/tr\/wp-json\/wp\/v2\/types\/page"}],"author":[{"embeddable":true,"href":"https:\/\/inpotus.com\/tr\/wp-json\/wp\/v2\/users\/1"}],"replies":[{"embeddable":true,"href":"https:\/\/inpotus.com\/tr\/wp-json\/wp\/v2\/comments?post=439"}],"version-history":[{"count":1,"href":"https:\/\/inpotus.com\/tr\/wp-json\/wp\/v2\/pages\/439\/revisions"}],"predecessor-version":[{"id":440,"href":"https:\/\/inpotus.com\/tr\/wp-json\/wp\/v2\/pages\/439\/revisions\/440"}],"up":[{"embeddable":true,"href":"https:\/\/inpotus.com\/tr\/wp-json\/wp\/v2\/pages\/374"}],"wp:attachment":[{"href":"https:\/\/inpotus.com\/tr\/wp-json\/wp\/v2\/media?parent=439"}],"curies":[{"name":"wp","href":"https:\/\/api.w.org\/{rel}","templated":true}]}}