{"id":423,"date":"2016-10-04T11:43:05","date_gmt":"2016-10-04T11:43:05","guid":{"rendered":"http:\/\/inpotus.com\/en\/?page_id=423"},"modified":"2016-11-09T21:15:40","modified_gmt":"2016-11-09T18:15:40","slug":"danismanlikveegitim","status":"publish","type":"page","link":"https:\/\/inpotus.com\/tr\/hizmetlerimiz\/danismanlikveegitim\/","title":{"rendered":"Dan\u0131\u015fmanl\u0131k ve E\u011fitim"},"content":{"rendered":"<h4><strong>De\u011fi\u015fim i\u00e7in dan\u0131\u015fmanl\u0131k?<\/strong><\/h4>\n<p>Her ne kadar iyi tan\u0131mlanm\u0131\u015f yap\u0131lar ve sistemleri olan rekabet\u00e7i bir \u015firket\u00a0olsan\u0131z da,\u00a0d\u00fczeltilecek verimsizlikler ve ba\u015f edecek zorluklarla kar\u015f\u0131la\u015facaks\u0131n\u0131z. B\u00fcy\u00fcmeniz i\u00e7in size yard\u0131m eden bu yap\u0131lar\u0131n\u0131z ve sistemleriniz, hareket kabiliyetinizi s\u0131n\u0131rlayan, sadece kendi alg\u0131n\u0131zla\u00a0i\u015f yapman\u0131za sebep olan s\u0131n\u0131rlar haline gelebilir. Ancak de\u011fi\u015fime adapte olmal\u0131 ve rekabet etmek i\u00e7in yeterince h\u0131zl\u0131 hareket edebilmelisiniz. Bu da de\u011fi\u015fime a\u00e7\u0131k olmak ve gerekti\u011finde do\u011fru hesaplanm\u0131\u015f makul riskleri alabilmenizi gerektirir. Kendi sisteminizin kurban\u0131 olma tehlikesinden uzakla\u015fmal\u0131s\u0131n\u0131z. Dan\u0131\u015fmanl\u0131k konusunda iyi e\u011fitimli bir profesyonel\u00a0gelecek i\u00e7in\u00a0yol g\u00f6sterici olabilir.<\/p>\n<p>&nbsp;<\/p>\n<p>KOB\u0130&#8217;ler (K\u00fc\u00e7\u00fck ve Orta Boy \u0130\u015fletmeler) i\u00e7in daha farkl\u0131\u00a0zorluklar var. G\u00fcnl\u00fck i\u015f gereksinimleri\u00a0genellikle m\u00fcd\u00fcrleri ve hissedarlar\u0131 detaylara girmeye zorlar ama bazen bu \u00e7ok fazla olur. Bu y\u00f6neticiler asl\u0131nda i\u015fi bir sonraki seviyeye ta\u015f\u0131ma\u00a0f\u0131rsat\u0131n\u0131 ka\u00e7\u0131rmaktalar. \u00c7\u00fcnk\u00fc gelecek i\u00e7in haz\u0131rlanmaya vakitleri yoktur. Piksellerine odaklanmaktan, resmin tamam\u0131n\u0131 ka\u00e7\u0131rabilirler. Bunun sonucunda zorla\u015fan ekonomik \u015fartlar ilk \u00f6nce bu tarz haz\u0131rl\u0131ks\u0131z firmalara zarar verir. Etkin \u015firketler, zorlu ekonomik ko\u015fullar\u0131 i\u015f geli\u015ftirme ve maliyet y\u00f6netimi zihniyetiyle\u00a0kendi avantajlar\u0131na\u00a0\u00e7evirebilir.<\/p>\n<p>&nbsp;<\/p>\n<p>Bilgi ve becerimizi payla\u015fmaya\u00a0istekliyiz. Mevcut yap\u0131lar\u0131n\u0131z\u0131 g\u00f6zden ge\u00e7irmeye, gelece\u011finizi planlamaya, harekete ge\u00e7meye ve en \u00f6nemlisi taleplerinize kar\u015f\u0131l\u0131k verecek bir dan\u0131\u015fmanla \u00e7al\u0131\u015fmaya ihtiyac\u0131n\u0131z varsa biz buraday\u0131z. Proseslerimize bir g\u00f6z at\u0131n. Bu arada biz organizasyonunuzu e\u011fitip gelece\u011fe haz\u0131rlayarak daha donan\u0131ml\u0131 hale getirece\u011fiz. Ekiplerinizi yetkinlikleri i\u015f planlar\u0131n\u0131za uygun hale gelecek. \u0130yi ekipler, iyi planlar ve iyi hareketler iyi sonu\u00e7lar verir.<\/p>\n<p>&nbsp;<\/p>\n<p>Bu, firman\u0131za yapaca\u011f\u0131n\u0131z en iyi yat\u0131r\u0131md\u0131r.<\/p>\n","protected":false},"excerpt":{"rendered":"<p>De\u011fi\u015fim i\u00e7in dan\u0131\u015fmanl\u0131k? Her ne kadar iyi tan\u0131mlanm\u0131\u015f yap\u0131lar ve sistemleri olan rekabet\u00e7i bir \u015firket\u00a0olsan\u0131z da,\u00a0d\u00fczeltilecek verimsizlikler ve ba\u015f edecek zorluklarla kar\u015f\u0131la\u015facaks\u0131n\u0131z. B\u00fcy\u00fcmeniz i\u00e7in size yard\u0131m eden bu yap\u0131lar\u0131n\u0131z ve sistemleriniz, hareket kabiliyetinizi s\u0131n\u0131rlayan, sadece kendi alg\u0131n\u0131zla\u00a0i\u015f yapman\u0131za sebep olan &hellip; <a href=\"https:\/\/inpotus.com\/tr\/hizmetlerimiz\/danismanlikveegitim\/\">Daha Fazlas\u0131n\u0131 Oku<\/a><\/p>\n","protected":false},"author":1,"featured_media":0,"parent":374,"menu_order":0,"comment_status":"closed","ping_status":"closed","template":"template-feature.php","meta":{"footnotes":""},"class_list":["post-423","page","type-page","status-publish","hentry"],"_links":{"self":[{"href":"https:\/\/inpotus.com\/tr\/wp-json\/wp\/v2\/pages\/423","targetHints":{"allow":["GET"]}}],"collection":[{"href":"https:\/\/inpotus.com\/tr\/wp-json\/wp\/v2\/pages"}],"about":[{"href":"https:\/\/inpotus.com\/tr\/wp-json\/wp\/v2\/types\/page"}],"author":[{"embeddable":true,"href":"https:\/\/inpotus.com\/tr\/wp-json\/wp\/v2\/users\/1"}],"replies":[{"embeddable":true,"href":"https:\/\/inpotus.com\/tr\/wp-json\/wp\/v2\/comments?post=423"}],"version-history":[{"count":5,"href":"https:\/\/inpotus.com\/tr\/wp-json\/wp\/v2\/pages\/423\/revisions"}],"predecessor-version":[{"id":545,"href":"https:\/\/inpotus.com\/tr\/wp-json\/wp\/v2\/pages\/423\/revisions\/545"}],"up":[{"embeddable":true,"href":"https:\/\/inpotus.com\/tr\/wp-json\/wp\/v2\/pages\/374"}],"wp:attachment":[{"href":"https:\/\/inpotus.com\/tr\/wp-json\/wp\/v2\/media?parent=423"}],"curies":[{"name":"wp","href":"https:\/\/api.w.org\/{rel}","templated":true}]}}