{"id":374,"date":"2016-09-28T10:53:39","date_gmt":"2016-09-28T10:53:39","guid":{"rendered":"http:\/\/inpotus.com\/en\/?page_id=374"},"modified":"2016-11-09T20:58:16","modified_gmt":"2016-11-09T17:58:16","slug":"hizmetlerimiz","status":"publish","type":"page","link":"https:\/\/inpotus.com\/tr\/hizmetlerimiz\/","title":{"rendered":"Hizmetlerimiz"},"content":{"rendered":"<h5>Hizmetlerimiz g\u00fcn\u00fcm\u00fcz i\u00e7in dan\u0131\u015fmanl\u0131k, yar\u0131nlar i\u00e7in strateji ve b\u00fcy\u00fck transformasyonlar i\u00e7in \u015firket birle\u015fmeleri ve de\u011fi\u015fim y\u00f6netimi olarak kategorize edilebilir.<\/h5>\n<div class=\"row\"><\/div> <div class=\"col-md-4\">\n<p style=\"text-align: center;\"><a href=\"http:\/\/inpotus.com\/tr\/hizmetlerimiz\/danismanlikveegitim\/\"><img loading=\"lazy\" decoding=\"async\" class=\"wp-image-184 aligncenter\" src=\"http:\/\/inpotus.com\/wp-content\/uploads\/2016\/05\/pocket-watch-598039_1280-300x169.jpg\" alt=\"pocket-watch-598039_1280\" width=\"224\" height=\"126\" srcset=\"https:\/\/inpotus.com\/wp-content\/uploads\/2016\/05\/pocket-watch-598039_1280-300x169.jpg 300w, https:\/\/inpotus.com\/wp-content\/uploads\/2016\/05\/pocket-watch-598039_1280-768x432.jpg 768w, https:\/\/inpotus.com\/wp-content\/uploads\/2016\/05\/pocket-watch-598039_1280-1024x576.jpg 1024w, https:\/\/inpotus.com\/wp-content\/uploads\/2016\/05\/pocket-watch-598039_1280.jpg 1280w\" sizes=\"auto, (max-width: 224px) 100vw, 224px\" \/><\/a><\/p>\n<p style=\"text-align: center;\"><a href=\"http:\/\/inpotus.com\/tr\/hizmetlerimiz\/danismanlikveegitim\/\"><strong>Dan\u0131\u015fmanl\u0131k ve E\u011fitim<\/strong><\/a><\/p>\n<\/div><div class=\"col-md-4\"> <a href=\"http:\/\/inpotus.com\/tr\/hizmetlerimiz\/strateji-rekabet\/\"><img loading=\"lazy\" decoding=\"async\" class=\"alignnone wp-image-148 aligncenter\" src=\"http:\/\/inpotus.com\/wp-content\/uploads\/2016\/05\/soldier-binoculars-300x177.jpg\" alt=\"soldier-binoculars\" width=\"214\" height=\"126\" srcset=\"https:\/\/inpotus.com\/wp-content\/uploads\/2016\/05\/soldier-binoculars-300x177.jpg 300w, https:\/\/inpotus.com\/wp-content\/uploads\/2016\/05\/soldier-binoculars-768x454.jpg 768w, https:\/\/inpotus.com\/wp-content\/uploads\/2016\/05\/soldier-binoculars-1024x605.jpg 1024w, https:\/\/inpotus.com\/wp-content\/uploads\/2016\/05\/soldier-binoculars.jpg 1920w\" sizes=\"auto, (max-width: 214px) 100vw, 214px\" \/><\/a><\/p>\n<p style=\"text-align: center;\"><a href=\"http:\/\/inpotus.com\/tr\/hizmetlerimiz\/strateji-rekabet\/\"><b>Strateji ve Rekabet<\/b><\/a><\/p>\n<\/div><div class=\"col-md-4\"> <a href=\"http:\/\/inpotus.com\/tr\/hizmetlerimiz\/birlesme-entegrasyon-degisimyonetimi\/\"><img loading=\"lazy\" decoding=\"async\" class=\"wp-image-253 aligncenter\" src=\"http:\/\/inpotus.com\/wp-content\/uploads\/2016\/06\/Butterfly-300x132.gif\" alt=\"Butterfly\" width=\"286\" height=\"126\" srcset=\"https:\/\/inpotus.com\/wp-content\/uploads\/2016\/06\/Butterfly-300x132.gif 300w, https:\/\/inpotus.com\/wp-content\/uploads\/2016\/06\/Butterfly-768x337.gif 768w, https:\/\/inpotus.com\/wp-content\/uploads\/2016\/06\/Butterfly-1024x449.gif 1024w\" sizes=\"auto, (max-width: 286px) 100vw, 286px\" \/><\/a><\/p>\n<p style=\"text-align: center;\"><a href=\"http:\/\/inpotus.com\/tr\/hizmetlerimiz\/birlesme-entegrasyon-degisimyonetimi\/\"><strong>\u015eirket Birle\u015fmeleri &#8211; Entegrasyon &#8211; De\u011fi\u015fim y\u00f6netimi<\/strong><\/a><\/p>\n<\/div><div class=\"col-md-4\"><\/div>\n","protected":false},"excerpt":{"rendered":"<p>Hizmetlerimiz g\u00fcn\u00fcm\u00fcz i\u00e7in dan\u0131\u015fmanl\u0131k, yar\u0131nlar i\u00e7in strateji ve b\u00fcy\u00fck transformasyonlar i\u00e7in \u015firket birle\u015fmeleri ve de\u011fi\u015fim y\u00f6netimi olarak kategorize edilebilir.<\/p>\n","protected":false},"author":1,"featured_media":0,"parent":0,"menu_order":0,"comment_status":"closed","ping_status":"closed","template":"template-feature.php","meta":{"footnotes":""},"class_list":["post-374","page","type-page","status-publish","hentry"],"_links":{"self":[{"href":"https:\/\/inpotus.com\/tr\/wp-json\/wp\/v2\/pages\/374","targetHints":{"allow":["GET"]}}],"collection":[{"href":"https:\/\/inpotus.com\/tr\/wp-json\/wp\/v2\/pages"}],"about":[{"href":"https:\/\/inpotus.com\/tr\/wp-json\/wp\/v2\/types\/page"}],"author":[{"embeddable":true,"href":"https:\/\/inpotus.com\/tr\/wp-json\/wp\/v2\/users\/1"}],"replies":[{"embeddable":true,"href":"https:\/\/inpotus.com\/tr\/wp-json\/wp\/v2\/comments?post=374"}],"version-history":[{"count":7,"href":"https:\/\/inpotus.com\/tr\/wp-json\/wp\/v2\/pages\/374\/revisions"}],"predecessor-version":[{"id":575,"href":"https:\/\/inpotus.com\/tr\/wp-json\/wp\/v2\/pages\/374\/revisions\/575"}],"wp:attachment":[{"href":"https:\/\/inpotus.com\/tr\/wp-json\/wp\/v2\/media?parent=374"}],"curies":[{"name":"wp","href":"https:\/\/api.w.org\/{rel}","templated":true}]}}