{"id":370,"date":"2016-09-28T10:41:48","date_gmt":"2016-09-28T10:41:48","guid":{"rendered":"http:\/\/inpotus.com\/en\/?page_id=370"},"modified":"2017-06-23T14:06:22","modified_gmt":"2017-06-23T11:06:22","slug":"hakkimizda","status":"publish","type":"page","link":"https:\/\/inpotus.com\/tr\/hakkimizda\/","title":{"rendered":"Hakk\u0131m\u0131zda"},"content":{"rendered":"<p>Inpotus, Istanbul k\u00f6kenli bir dan\u0131\u015fmanl\u0131k firmas\u0131d\u0131r. Bir\u00e7ok farkl\u0131 i\u015f alan\u0131nda g\u00f6sterilen y\u00f6netim dan\u0131\u015fmanl\u0131\u011f\u0131, e\u011fitim, strateji form\u00fclasyonu ve uygulamas\u0131, de\u011fi\u015fim y\u00f6netimi konular\u0131ndaki ba\u015far\u0131 hizmetlerimizin kayna\u011f\u0131n\u0131 olu\u015fturur. \u015eirket durum tespiti, birle\u015fmeleri ve birle\u015fme sonras\u0131 entegrasyon s\u00fcre\u00e7leri de uzmanl\u0131k alanlar\u0131m\u0131zdand\u0131r. Profesyonel ge\u00e7mi\u015fimizi, m\u00fc\u015fterilerimizi daha kurumsal olmaya y\u00f6nlendirirken giri\u015fimci ruhu da korumak \u00fczere kullan\u0131yoruz. Sadece teorik de\u011fil, pratik, ayaklar\u0131 yere basan planlar olu\u015fturuyoruz; sonras\u0131nda da bu planlar\u0131 hayata ge\u00e7iriyoruz.<\/p>\n<p style=\"text-align: left;\">Ad\u0131m\u0131z de\u011ferlerimizi yans\u0131t\u0131yor: <em><strong>Integritas &#8211; Potentia &#8211; Profectus \/ D\u00fcr\u00fcstl\u00fck &#8211; G\u00fc\u00e7 \u2013 \u0130lerleme<\/strong><\/em><\/p>\n<p style=\"text-align: center;\"><div class=\"kad-youtube-shortcode videofit\"  ><iframe loading=\"lazy\" width=\"16\" height=\"9\" src=\"\/\/www.youtube.com\/embed\/EvJEc5f1xX4?autoplay=0&amp;controls=1&amp;fs=1&amp;modestbranding=0&amp;theme=dark&amp;rel=0&amp;loop=0\" frameborder=\"0\" allowfullscreen=\"true\"><\/iframe><\/div>\n<p>&nbsp;<\/p>\n<p>&nbsp;<\/p>\n<p><img loading=\"lazy\" decoding=\"async\" class=\"wp-image-50 alignleft\" src=\"http:\/\/inpotus.com\/wp-content\/uploads\/2016\/04\/Yakup-Besleyen-Resim2-lower-res-kucuk-300x300.jpg\" alt=\"Yakup Besleyen Resim2-lower res-kucuk\" width=\"204\" height=\"204\" srcset=\"https:\/\/inpotus.com\/wp-content\/uploads\/2016\/04\/Yakup-Besleyen-Resim2-lower-res-kucuk-300x300.jpg 300w, https:\/\/inpotus.com\/wp-content\/uploads\/2016\/04\/Yakup-Besleyen-Resim2-lower-res-kucuk-150x150.jpg 150w, https:\/\/inpotus.com\/wp-content\/uploads\/2016\/04\/Yakup-Besleyen-Resim2-lower-res-kucuk-768x769.jpg 768w, https:\/\/inpotus.com\/wp-content\/uploads\/2016\/04\/Yakup-Besleyen-Resim2-lower-res-kucuk-1022x1024.jpg 1022w, https:\/\/inpotus.com\/wp-content\/uploads\/2016\/04\/Yakup-Besleyen-Resim2-lower-res-kucuk-60x60.jpg 60w\" sizes=\"auto, (max-width: 204px) 100vw, 204px\" \/><\/p>\n<p>\u0097\u0130stanbul do\u011fumlu olan Yakup Ceki Besleyen Saint-Joseph Frans\u0131z Lisesi ve Istanbul \u00dcniversitesi\u2019nden mezun olduktan sonra Sabanc\u0131 \u00dcniversitesi\u2019nden \u0130\u015fletme Master (MBA) derecesini alm\u0131\u015ft\u0131r.<\/p>\n<p>\u0097Kariyerine 1998\u2019de Philip Morris International Operasyon Finans departman\u0131nda standart maliyetlendirme, varyans raporlama, fizibilite ve stok kontrol\u00fc konular\u0131nda ba\u015flad\u0131. B\u00fct\u00e7e &amp; Raporlama b\u00f6l\u00fcm\u00fcnde, Philip Morris T\u00fcrkiye\u2019nin b\u00fct\u00e7e prosesini y\u00f6netmi\u015f; fiyatland\u0131rma, sat\u0131\u015f ve karl\u0131l\u0131k sim\u00fclasyonlar\u0131yla\u00a0uzun vadeli b\u00fct\u00e7e modellemeleri alanlar\u0131nda kapsaml\u0131 \u00e7al\u0131\u015fmalar yapm\u0131\u015ft\u0131r.<\/p>\n<p>\u00972004 itibariyle \u0130\u015f Geli\u015ftirme &amp; Planlama\u2019 da Philip Morris\u2019in 5-y\u0131ll\u0131k stratejilerinin olu\u015fturulmas\u0131\u00a0\u00fczerine \u00e7al\u0131\u015fm\u0131\u015f, olas\u0131 \u015firket al\u0131m\u0131 ve \u00d6TV\u00a0(\u00d6zel T\u00fcketim Vergisi) projelerinde \u00f6nemli roller alm\u0131\u015ft\u0131r. Ceki, t\u00fcketici ara\u015ft\u0131rma ve pazar analizi g\u00f6revlerini\u00a0kapsayan Pazarlama Hizmetleri\u2019ni y\u00f6netirken, saha deste\u011fi konusunda Pazarlama ve Sat\u0131\u015f b\u00f6l\u00fcmleri aras\u0131nda k\u00f6pr\u00fc g\u00f6revini \u00fcstlendi. Bu d\u00f6nemde, t\u00fcm firmay\u0131 kapsayan \u00e7e\u015fitli organizasyonel de\u011fi\u015fim y\u00f6netimi projelerine \u00f6nemli katk\u0131lar sa\u011flam\u0131\u015ft\u0131r.<\/p>\n<p>\u00972007-2010 aral\u0131\u011f\u0131nda Stratejik Planlama ve Analiz b\u00f6l\u00fcm\u00fcn\u00fc y\u00f6netmi\u015f, G\u00fcney Do\u011fu Avrupa \u00fclkeleriyle ilgilenmi\u015ftir. Bu b\u00f6lgedeki Philip Morris fabrikalar\u0131nda \u00e7e\u015fitli verimlilik projelerine liderlik etmi\u015f; kapasite analizleri, yat\u0131r\u0131m f\u0131rsatlar\u0131 ve risklerini de\u011ferlendiren modeller yaratm\u0131\u015ft\u0131r.<\/p>\n<p>\u00972011 y\u0131l\u0131nda Polimer Kau\u00e7uk \u2013 Sel Hortumlar\u0131 firmas\u0131nda CFO g\u00f6revine geldi. 2012\u2019deki \u015firket birle\u015fmesine kadar bu birle\u015fme i\u00e7in durum tespiti \u2013 due diligence- \u00e7al\u0131\u015fmas\u0131na liderlik etmi\u015ftir. Eaton Co. firmay\u0131 ald\u0131ktan sonra da finans departman\u0131n\u0131 y\u00f6netip bir\u00e7ok entegrasyon prosesinin tamamlanmas\u0131na imza atm\u0131\u015ft\u0131r. Ayn\u0131 zamanda firmay\u0131 SOX\u2019a uygun hale getirip bir\u00e7ok sistemi ve ERP\u2019nin finans mod\u00fcl\u00fcn\u00fc y\u00fcr\u00fcrl\u00fc\u011fe sokmu\u015ftur.<\/p>\n<p>Strateji ve Rekabet konular\u0131nda e\u011fitim de veren Ceki, firmalarin performans geli\u015fimi konular\u0131nda kapsaml\u0131 \u00e7al\u0131\u015fmalar yapmaktad\u0131r. Uzmanl\u0131k alanlar\u0131 reorganizasyon, maliyetlendirme, b\u00fct\u00e7e, finans, yat\u0131r\u0131m analizi, kurumsalla\u015fma, \u015firket de\u011ferlemesi ve durum tespiti, \u015firket birle\u015fmesi sonras\u0131 entegrasyon s\u00fcre\u00e7 y\u00f6netimi, rekabet analizleri ve sat\u0131\u015f&#8217;\u0131 kapsamaktad\u0131r.<\/p>\n<p>&nbsp;<\/p>\n<p>&nbsp;<\/p>\n<p><img loading=\"lazy\" decoding=\"async\" class=\"alignnone wp-image-670 alignleft\" src=\"http:\/\/inpotus.com\/wp-content\/uploads\/2016\/09\/Ayhan-Akay-photo.png\" alt=\"\" width=\"178\" height=\"211\" \/><\/p>\n<p style=\"text-align: left;\">Ayhan Akay kariyerine 1993-1994 aras\u0131nda TYT Bank D\u0131\u015f \u0130li\u015fkiler &amp; Kurumsal Yat\u0131r\u0131m Hizmetleri B\u00f6l\u00fcm\u00fc\u2019nde bankan\u0131n t\u00fcm Avrupa \u00fclkeleri ve Rusya ile ili\u015fkilerden sorumlu y\u00f6netici olarak ba\u015flad\u0131.<\/p>\n<p style=\"text-align: left;\">\u00971995-2006 aral\u0131\u011f\u0131nda Ko\u00e7 Grubu\u2019na ba\u011fl\u0131 T\u00fcketici Finansmani ve Kart Hizmetleri A.\u015e. de 5 y\u0131ll\u0131k aktif Pazarlama tecr\u00fcbesinden sonra ayn\u0131 grubun Kredi Hizmetleri b\u00f6l\u00fcm\u00fcnde Risk Y\u00f6netimi ve De\u011ferlendirme Teknolojileri Proje M\u00fcd\u00fcrl\u00fc\u011f\u00fc g\u00f6revini y\u00fcr\u00fctt\u00fc. Uzun vadeli bu g\u00f6rev s\u0131ras\u0131nda t\u00fcketici finansman\u0131 prosed\u00fcrlerini g\u00fc\u00e7lendirerek Kredi \u0130\u015flem Sistemlerini yeniden yap\u0131land\u0131rd\u0131.<\/p>\n<p style=\"text-align: left;\">\u00972007\u2019de Do\u011fu\u015f Grup\u2019a ba\u011fl\u0131 Garanti Bankas\u0131 Bireysel Kredi B\u00f6l\u00fcm\u00fc\u2019ne Risk Analiz M\u00fcd\u00fcr\u00fc olarak kat\u0131ld\u0131. Burada t\u00fcketici kredilerinin i\u015flem proseslerini yeniden tasarlayan projeye liderlik etti. T\u00fcketici kredilerinin i\u015f ak\u0131\u015f\u0131n\u0131 yenilden modellerken ayn\u0131 zamanda T\u00fcketici Kredileri Politikalar\u0131 ekibini y\u00f6neten Ayhan, Garanti Bankas\u0131\u2019nda en son Kredi Analiz Ekibi\u2019ni y\u00f6netiyordu.<\/p>\n<p style=\"text-align: left;\">\u00972013\u2019te TURKCELL Hazine &amp; Risk Y\u00f6netimi ekibine lider dan\u0131\u015fman olarak atand\u0131. Bu g\u00f6revde Risk Departman\u0131\u2019n\u0131n yeniden organizasyonu, ba\u015far\u0131 kriterlerinin belirlenmesi ve \u00f6l\u00e7\u00fcm sistemleri kurulmas\u0131 konular\u0131nda ba\u015far\u0131l\u0131 \u00e7al\u0131\u015fmalar yapan Ayhan, limit ve tahsilat y\u00f6netimi konular\u0131nda da stratejiler geli\u015ftirmi\u015ftir.<\/p>\n<p style=\"text-align: left;\">\u00972014 y\u0131l\u0131ndan itibaren allriskpartners \u00e7at\u0131s\u0131 alt\u0131nda da dan\u0131\u015fmanl\u0131k kariyerine devam etmedir. Ayhan, organizasyonlara strateji, yap\u0131sal sorunlar, risk y\u00f6netimi, operasyon ve tahsilat, analitik pazarlamayla de\u011fer yaratma ve performans geli\u015ftirme konular\u0131nda \u00e7\u00f6z\u00fcm ve destek sunmaktad\u0131r. T\u00fcm bunlar\u0131 yaparken \u015firketin g\u00fc\u00e7l\u00fc ve zay\u0131f y\u00f6nlerini de\u011ferlendirip uygun maliyetli \u00e7\u00f6z\u00fcmler hakk\u0131nda tavsiyelerde bulunmaktad\u0131r.<\/p>\n<p style=\"text-align: left;\">\u0097H. Ayhan Akay\u2019\u0131n Uluslararas\u0131 \u0130\u015fletme konusunda Master derecesi bulunmaktad\u0131r. Uzmanl\u0131k alanlar\u0131 T\u00fcketici Portf\u00f6y\u00fc Risk Y\u00f6netimi, Kredi Derecelendirme, Karar Verme Sistemleri, Kredi &amp; \u0130\u015f Analizi, Proje &amp; Kampanya Y\u00f6netimi, Basel II, Mortgage, Telekom, \u0130\u015f Prosesi Geli\u015ftirme ve Tahsilat Stratejileri dir.<\/p>\n<p>&nbsp;<\/p>\n","protected":false},"excerpt":{"rendered":"<p>Inpotus, Istanbul k\u00f6kenli bir dan\u0131\u015fmanl\u0131k firmas\u0131d\u0131r. Bir\u00e7ok farkl\u0131 i\u015f alan\u0131nda g\u00f6sterilen y\u00f6netim dan\u0131\u015fmanl\u0131\u011f\u0131, e\u011fitim, strateji form\u00fclasyonu ve uygulamas\u0131, de\u011fi\u015fim y\u00f6netimi konular\u0131ndaki ba\u015far\u0131 hizmetlerimizin kayna\u011f\u0131n\u0131 olu\u015fturur. \u015eirket durum tespiti, birle\u015fmeleri ve birle\u015fme sonras\u0131 entegrasyon s\u00fcre\u00e7leri de uzmanl\u0131k alanlar\u0131m\u0131zdand\u0131r. Profesyonel ge\u00e7mi\u015fimizi, m\u00fc\u015fterilerimizi &hellip; <a href=\"https:\/\/inpotus.com\/tr\/hakkimizda\/\">Daha Fazlas\u0131n\u0131 Oku<\/a><\/p>\n","protected":false},"author":1,"featured_media":0,"parent":0,"menu_order":0,"comment_status":"closed","ping_status":"closed","template":"","meta":{"footnotes":""},"class_list":["post-370","page","type-page","status-publish","hentry"],"_links":{"self":[{"href":"https:\/\/inpotus.com\/tr\/wp-json\/wp\/v2\/pages\/370","targetHints":{"allow":["GET"]}}],"collection":[{"href":"https:\/\/inpotus.com\/tr\/wp-json\/wp\/v2\/pages"}],"about":[{"href":"https:\/\/inpotus.com\/tr\/wp-json\/wp\/v2\/types\/page"}],"author":[{"embeddable":true,"href":"https:\/\/inpotus.com\/tr\/wp-json\/wp\/v2\/users\/1"}],"replies":[{"embeddable":true,"href":"https:\/\/inpotus.com\/tr\/wp-json\/wp\/v2\/comments?post=370"}],"version-history":[{"count":25,"href":"https:\/\/inpotus.com\/tr\/wp-json\/wp\/v2\/pages\/370\/revisions"}],"predecessor-version":[{"id":701,"href":"https:\/\/inpotus.com\/tr\/wp-json\/wp\/v2\/pages\/370\/revisions\/701"}],"wp:attachment":[{"href":"https:\/\/inpotus.com\/tr\/wp-json\/wp\/v2\/media?parent=370"}],"curies":[{"name":"wp","href":"https:\/\/api.w.org\/{rel}","templated":true}]}}