{"id":272,"date":"2016-07-15T14:10:44","date_gmt":"2016-07-15T14:10:44","guid":{"rendered":"http:\/\/inpotus.com\/en\/?page_id=272"},"modified":"2016-11-09T20:34:18","modified_gmt":"2016-11-09T17:34:18","slug":"anasayfa","status":"publish","type":"page","link":"https:\/\/inpotus.com\/tr\/anasayfa\/","title":{"rendered":"Anasayfa"},"content":{"rendered":"<h3 style=\"text-align: center;\">D\u00fcr\u00fcstl\u00fck, G\u00fc\u00e7,\u00a0\u0130lerleme<\/h3>\n<p><em><strong>\u0130\u015f hayat\u0131 zorluluklarla dolu ve bu durum gelecekte de de\u011fi\u015fecekmi\u015f gibi durmuyor. Kendinizi katma de\u011feri olmayan aktivitelerin i\u00e7ine \u00e7ekilmi\u015f ve harcanm\u0131\u015f hissedebilirsiniz. Belli bir noktada, hepimiz g\u00fcnl\u00fck ko\u015fturmacalardan kendimizi s\u0131y\u0131r\u0131p, bu girdaptan kurtulmak\u00a0ve gelece\u011fimizi planlamak i\u00e7in kaliteli zaman ay\u0131rmak isteriz. Bu nedenle firma sahipleri beraber \u00e7al\u0131\u015facaklar\u0131 tecr\u00fcbeli uzmanlara ihtiya\u00e7 duyar. Dan\u0131\u015fman olarak\u00a0\u00e7al\u0131\u015fan bu profesyonellerin ana amac\u0131 size zaman yarat\u0131p gelecek i\u00e7in hareket edebilmenizi sa\u011flamakt\u0131r.<\/strong><\/em><\/p>\n<p><em><strong>Kendimizi g\u00fcvende hissetti\u011fimiz zamanlarda dahi i\u015fimizi bir sonraki seviyeye ta\u015f\u0131mak i\u00e7in bir yard\u0131m eli arayabiliriz.<\/strong><\/em><\/p>\n<p><b><i>Ciddi bir de\u011fi\u015fim s\u00fcrecinde ge\u00e7meniz veya sert bir rekabetle kar\u015f\u0131 kar\u015f\u0131ya olman\u0131z farketmez. Biz \u00f6ncelikle ge\u00e7mi\u015fi ve bug\u00fcn\u00fc tarafs\u0131z bir \u015fekilde de\u011ferlendiriyoruz. Buradan elde edilen sonu\u00e7lar ilerlememiz i\u00e7in ilk ad\u0131mlara rehber oluyor. Ortak hedeflere ula\u015fabilmek i\u00e7in taktikleri belirleyecek ve her eylemin strateji ile uygun oldu\u011fundan emin olaca\u011f\u0131z. De\u011ferlerimiz rehberimiz: D\u00fcr\u00fcstl\u00fck &#8211; G\u00fc\u00e7 &#8211; \u0130lerleme. Dalgalarda ve zorlu havalarda beraber yol alal\u0131m.<\/i><\/b><\/p>\n<div class=\"row\"><\/div> <div class=\"col-md-4\">\n<p style=\"text-align: center;\"><a href=\"http:\/\/inpotus.com\/tr\/hizmetlerimiz\/danismanlikveegitim\/\"><img loading=\"lazy\" decoding=\"async\" class=\"wp-image-184 aligncenter\" src=\"http:\/\/inpotus.com\/wp-content\/uploads\/2016\/05\/pocket-watch-598039_1280-300x169.jpg\" alt=\"pocket-watch-598039_1280\" width=\"224\" height=\"126\" srcset=\"https:\/\/inpotus.com\/wp-content\/uploads\/2016\/05\/pocket-watch-598039_1280-300x169.jpg 300w, https:\/\/inpotus.com\/wp-content\/uploads\/2016\/05\/pocket-watch-598039_1280-768x432.jpg 768w, https:\/\/inpotus.com\/wp-content\/uploads\/2016\/05\/pocket-watch-598039_1280-1024x576.jpg 1024w, https:\/\/inpotus.com\/wp-content\/uploads\/2016\/05\/pocket-watch-598039_1280.jpg 1280w\" sizes=\"auto, (max-width: 224px) 100vw, 224px\" \/><\/a><\/p>\n<p style=\"text-align: center;\"><strong><a href=\"http:\/\/inpotus.com\/tr\/hizmetlerimiz\/danismanlikveegitim\/\">Dan\u0131\u015fmanl\u0131k ve E\u011fitim<\/a><\/strong><\/p>\n<\/div><div class=\"col-md-4\">\n<p><a href=\"http:\/\/inpotus.com\/tr\/hizmetlerimiz\/strateji-rekabet\/\"><img loading=\"lazy\" decoding=\"async\" class=\"alignnone wp-image-148 aligncenter\" src=\"http:\/\/inpotus.com\/wp-content\/uploads\/2016\/05\/soldier-binoculars-300x177.jpg\" alt=\"soldier-binoculars\" width=\"214\" height=\"126\" srcset=\"https:\/\/inpotus.com\/wp-content\/uploads\/2016\/05\/soldier-binoculars-300x177.jpg 300w, https:\/\/inpotus.com\/wp-content\/uploads\/2016\/05\/soldier-binoculars-768x454.jpg 768w, https:\/\/inpotus.com\/wp-content\/uploads\/2016\/05\/soldier-binoculars-1024x605.jpg 1024w, https:\/\/inpotus.com\/wp-content\/uploads\/2016\/05\/soldier-binoculars.jpg 1920w\" sizes=\"auto, (max-width: 214px) 100vw, 214px\" \/><\/a><\/p>\n<p style=\"text-align: center;\"><a href=\"http:\/\/inpotus.com\/tr\/hizmetlerimiz\/strateji-rekabet\/\"><strong>Strateji ve Rekabet<\/strong><\/a><\/p>\n<\/div><div class=\"col-md-4\">\n<a href=\"http:\/\/inpotus.com\/tr\/hizmetlerimiz\/birlesme-entegrasyon-degisimyonetimi\/\"><img loading=\"lazy\" decoding=\"async\" class=\"wp-image-253 aligncenter\" src=\"http:\/\/inpotus.com\/wp-content\/uploads\/2016\/06\/Butterfly-300x132.gif\" alt=\"Butterfly\" width=\"286\" height=\"126\" srcset=\"https:\/\/inpotus.com\/wp-content\/uploads\/2016\/06\/Butterfly-300x132.gif 300w, https:\/\/inpotus.com\/wp-content\/uploads\/2016\/06\/Butterfly-768x337.gif 768w, https:\/\/inpotus.com\/wp-content\/uploads\/2016\/06\/Butterfly-1024x449.gif 1024w\" sizes=\"auto, (max-width: 286px) 100vw, 286px\" \/><\/a><\/p>\n<p style=\"text-align: center;\"><a href=\"http:\/\/inpotus.com\/tr\/hizmetlerimiz\/birlesme-entegrasyon-degisimyonetimi\/\"><strong>Birle\u015fme \u2013 Entegrasyon \u2013 De\u011fi\u015fim Y\u00f6netimi<\/strong><\/a><\/p>\n<\/div><div class=\"col-md-4\"><\/div>\n","protected":false},"excerpt":{"rendered":"<p>D\u00fcr\u00fcstl\u00fck, G\u00fc\u00e7,\u00a0\u0130lerleme \u0130\u015f hayat\u0131 zorluluklarla dolu ve bu durum gelecekte de de\u011fi\u015fecekmi\u015f gibi durmuyor. Kendinizi katma de\u011feri olmayan aktivitelerin i\u00e7ine \u00e7ekilmi\u015f ve harcanm\u0131\u015f hissedebilirsiniz. Belli bir noktada, hepimiz g\u00fcnl\u00fck ko\u015fturmacalardan kendimizi s\u0131y\u0131r\u0131p, bu girdaptan kurtulmak\u00a0ve gelece\u011fimizi planlamak i\u00e7in kaliteli zaman &hellip; <a href=\"https:\/\/inpotus.com\/tr\/anasayfa\/\">Daha Fazlas\u0131n\u0131 Oku<\/a><\/p>\n","protected":false},"author":1,"featured_media":0,"parent":0,"menu_order":0,"comment_status":"closed","ping_status":"closed","template":"template-portfolio-grid.php","meta":{"footnotes":""},"class_list":["post-272","page","type-page","status-publish","hentry"],"_links":{"self":[{"href":"https:\/\/inpotus.com\/tr\/wp-json\/wp\/v2\/pages\/272","targetHints":{"allow":["GET"]}}],"collection":[{"href":"https:\/\/inpotus.com\/tr\/wp-json\/wp\/v2\/pages"}],"about":[{"href":"https:\/\/inpotus.com\/tr\/wp-json\/wp\/v2\/types\/page"}],"author":[{"embeddable":true,"href":"https:\/\/inpotus.com\/tr\/wp-json\/wp\/v2\/users\/1"}],"replies":[{"embeddable":true,"href":"https:\/\/inpotus.com\/tr\/wp-json\/wp\/v2\/comments?post=272"}],"version-history":[{"count":16,"href":"https:\/\/inpotus.com\/tr\/wp-json\/wp\/v2\/pages\/272\/revisions"}],"predecessor-version":[{"id":574,"href":"https:\/\/inpotus.com\/tr\/wp-json\/wp\/v2\/pages\/272\/revisions\/574"}],"wp:attachment":[{"href":"https:\/\/inpotus.com\/tr\/wp-json\/wp\/v2\/media?parent=272"}],"curies":[{"name":"wp","href":"https:\/\/api.w.org\/{rel}","templated":true}]}}